{"id":152,"date":"2018-04-30T17:50:39","date_gmt":"2018-04-30T15:50:39","guid":{"rendered":"http:\/\/13debow.pl\/?page_id=152"},"modified":"2023-04-28T15:46:49","modified_gmt":"2023-04-28T13:46:49","slug":"opinia-3","status":"publish","type":"page","link":"https:\/\/13debow.pl\/?page_id=152","title":{"rendered":"Eliza"},"content":{"rendered":"<p>Wszystko co potrzebne do odpoczynku.\u00a0Urokliwe miejsce z mo\u017cliwo\u015bci\u0105 rozpalenia ogniska czy grill&#8217;a.<\/p>\n","protected":false},"excerpt":{"rendered":"<p>Wszystko co potrzebne do odpoczynku.\u00a0Urokliwe miejsce z mo\u017cliwo\u015bci\u0105 rozpalenia ogniska czy grill&#8217;a.<\/p>\n","protected":false},"author":1,"featured_media":176,"parent":0,"menu_order":0,"comment_status":"closed","ping_status":"closed","template":"","meta":{"footnotes":""},"class_list":["post-152","page","type-page","status-publish","has-post-thumbnail","hentry"],"aioseo_notices":[],"_links":{"self":[{"href":"https:\/\/13debow.pl\/index.php?rest_route=\/wp\/v2\/pages\/152","targetHints":{"allow":["GET"]}}],"collection":[{"href":"https:\/\/13debow.pl\/index.php?rest_route=\/wp\/v2\/pages"}],"about":[{"href":"https:\/\/13debow.pl\/index.php?rest_route=\/wp\/v2\/types\/page"}],"author":[{"embeddable":true,"href":"https:\/\/13debow.pl\/index.php?rest_route=\/wp\/v2\/users\/1"}],"replies":[{"embeddable":true,"href":"https:\/\/13debow.pl\/index.php?rest_route=%2Fwp%2Fv2%2Fcomments&post=152"}],"version-history":[{"count":2,"href":"https:\/\/13debow.pl\/index.php?rest_route=\/wp\/v2\/pages\/152\/revisions"}],"predecessor-version":[{"id":179,"href":"https:\/\/13debow.pl\/index.php?rest_route=\/wp\/v2\/pages\/152\/revisions\/179"}],"wp:featuredmedia":[{"embeddable":true,"href":"https:\/\/13debow.pl\/index.php?rest_route=\/wp\/v2\/media\/176"}],"wp:attachment":[{"href":"https:\/\/13debow.pl\/index.php?rest_route=%2Fwp%2Fv2%2Fmedia&parent=152"}],"curies":[{"name":"wp","href":"https:\/\/api.w.org\/{rel}","templated":true}]}}