{"id":1651,"date":"2023-06-05T11:13:20","date_gmt":"2023-06-05T09:13:20","guid":{"rendered":"https:\/\/13debow.pl\/?page_id=1651"},"modified":"2023-06-05T11:29:24","modified_gmt":"2023-06-05T09:29:24","slug":"polkolonie-szczegolowy-plan","status":"publish","type":"page","link":"https:\/\/13debow.pl\/?page_id=1651","title":{"rendered":"P\u00d3\u0141KOLONIE &#8211; szczeg\u00f3\u0142owy plan"},"content":{"rendered":"\n<a href=\"https:\/\/13debow.pl\/wp-content\/uploads\/2023\/06\/PolkoloniePDF-2.pdf\" download>Pobierz plik PDF <\/a>\n\n\n\n<p><\/p>\n\n\n\n<p class=\"has-black-color has-text-color\"><strong>SIERPIE\u0143 2023<\/strong><\/p>\n\n\n\n<p class=\"has-black-color has-text-color\"><strong>I Tydzie\u0144 &#8211; od godz. 8:00 do 16:00<\/strong><\/p>\n\n\n\n<p class=\"has-black-color has-text-color\"><\/p>\n\n\n\n<p class=\"has-black-color has-text-color\">31.07 (poniedzia\u0142ek)<\/p>\n\n\n\n<p class=\"has-black-color has-text-color\">8.15-9 godz. \u015bniadanie<br>9-10 godz. zabawa plac zabaw boisko<br>10- 11 godz. Zaj\u0119cia sensomotoryczne r\u00f3wnowaga<br>11-11.30 drugie \u015bniadanie<br>11.30- 12 zabawa plac zabaw, boisko<br>12-13 warsztaty Modelowanie z masy solnej<br>13.15- 14 zaj\u0119cia Korekcyjne elementy jogi<br>14- 14.45 obiad<br>15-16 plac zabaw boisko<\/p>\n\n\n\n<p class=\"has-black-color has-text-color\">01.08 (wtorek)<\/p>\n\n\n\n<p class=\"has-black-color has-text-color\">8.15-9 \u015bniadanie<br>9-10 zaj\u0119cia sensomotoryczne pokonywanie przeszk\u00f3d<br>10-10.45 Plac zabaw boisko \u2013 zaj\u0119cia rekreacyjno sportowe-( zabawy,<br>mini konkursy sportowe)<br>11-11.30 II \u015bniadanie<br>11.30-13 podchody- (rywalizacje sprawno\u015bciowo-sportowe)<br>13- 13.45 zaj\u0119cia korkrekcyjno &#8211; sensomotoryczne<br>14-14.45 obiad<br>15-16 plac zabaw boisko<\/p>\n\n\n\n<p class=\"has-black-color has-text-color\">02.08 (\u015broda)<\/p>\n\n\n\n<p class=\"has-black-color has-text-color\">8.15-9 \u015bniadanie<br>9-10 zaj\u0119cia rehabilitacyjno sportowe<br>10-14.30 Dzie\u0144 stra\u017caka w gospodarstwie \u2013 zaj\u0119cia ze stra\u017cakami z<br>Ochotniczej stra\u017cy po\u017carnej \u2013( zwiedzanie samochodu stra\u017cackiego,<br>poznanie sprz\u0119tu ga\u015bniczego i ratunkowego-pokazy.cz.I<br>W przerwie \u2013oko\u0142o godz.12 II \u015bniadanie<br>Godz. 14.45- 15.30 obiad<br>Godz. 15.30-16- plac zabaw boisko<\/p>\n\n\n\n<p class=\"has-black-color has-text-color\">03.08 (czwartek)<\/p>\n\n\n\n<p class=\"has-black-color has-text-color\">8.15-9 \u015bniadanie<br>9-10 zaj\u0119cia z elementami jogi<br>10-11 plac zabaw, boisko (zaj\u0119cia rekreacyjno sportowe)<br>11-11.30 II \u015bniadanie<br>11.30-14 budowanie sza\u0142as\u00f3w ( mini survival \u2013 przetrwanie w<br>terenie)<br>14-15-15 obiad<br>15-16 plac zabaw boisko<\/p>\n\n\n\n<p class=\"has-black-color has-text-color\">04.08 (pi\u0105tek)<\/p>\n\n\n\n<p class=\"has-black-color has-text-color\">8.15-9 \u015bniadanie<br>9-10 zaj\u0119cia Korekcyjne &#8211; stopy pobudzanie receptor\u00f3w<br>10-13- \u201eWariacje inspiracje\u201d Nauka kolor\u00f3w + b\u0105belki<br>(w przerwie II \u015bniadanie)<br>13-14 zaj\u0119cia sensomotoryczne<br>14-14.45 obiad<br>14.45-16 plac zabaw boisko<\/p>\n\n\n\n<p class=\"has-black-color has-text-color\"><\/p>\n\n\n\n<p class=\"has-black-color has-text-color\"><strong>II Tydzie\u0144 &#8211; od godz. 8:00 do 16:00<\/strong><\/p>\n\n\n\n<p class=\"has-black-color has-text-color\"><\/p>\n\n\n\n<p class=\"has-black-color has-text-color\">07.08 (poniedzia\u0142ek)<\/p>\n\n\n\n<p class=\"has-black-color has-text-color\">8.15-9 \u2013\u015bniadanie<br>9-10 zaj\u0119cia ruchowe<br>10-13\u201eMuzyczne talenty\u201d- fantazje, inspiracje do tworzenia<br>instrument\u00f3w muzycznych- ulubione piosenki i ich wykonanie<br>Konkurs piosenki dzieci\u0119cej,<br>W zaj\u0119ciach przerwa na II \u015bniadanie<br>13-14 zaj\u0119cia korekcyjne \u0107wiczenia przez zabaw\u0119 na\u015bladowanie<br>zwierz\u0105t<br>14-14.45 obiad<br>14.45- 16 plac zabaw boisko \u2013 zaj\u0119cia rekreacyjno sportowe<\/p>\n\n\n\n<p class=\"has-black-color has-text-color\">08.08 (wtorek)<\/p>\n\n\n\n<p class=\"has-black-color has-text-color\">8.15-9 \u015bniadanie<br>9- 11.30 zawody sportowe na weso\u0142o<br>11.30-12 II \u015bniadanie<br>12-13 zaj\u0119cia sensomotoryczne wzmacnianie mi\u0119\u015bni przez zabaw\u0119<br>\u015bciskanie ugniatanie si\u0142owanie<br>13-14 rozstrzygni\u0119cie zawod\u00f3w sportowych i rozdanie nagr\u00f3d &#8211; plac<br>zabaw, boisko<br>14-14.45 obiad<br>14.45-16 zaj\u0119cia rekreacyjne- plac zabaw, boisko<\/p>\n\n\n\n<p class=\"has-black-color has-text-color\">09.08 (\u015broda)<br>8.15-9 \u015bniadanie<br>9-10 zaj\u0119cia korekcyjne<br>10-12 Kreatywne hybrydy zwierz\u0105t warsztat<br>12-12.30 II \u015bniadanie<br>12.30-13 zaj\u0119cia rekreacyjne<br>13-14- Zaj\u0119cia sensomotoryczne zabawa w kolory<br>14-14.45 obiad<br>14.45-16 zaj\u0119cia rekreacyjne-plac zabaw, boisko<\/p>\n\n\n\n<p class=\"has-black-color has-text-color\">10.08 (czwartek)<br>8.15-9 \u015bniadanie<br>9-10 korekcja zdrowy kr\u0119gos\u0142up<br>10-14 Dzie\u0144 stra\u017caka w gospodarstwie- cz II ratujemy innych<br>bezpieczne ognisko.<br>Zaj\u0119cia po\u0142\u0105czone z II \u015bniadaniem i pieczeniem kie\u0142basek przy ognisku.<br>14-15 zaj\u0119cia sensomotoryczne budowanie wie\u017cy<br>15-16 zaj\u0119cia rekreacyjne plac zabaw<\/p>\n\n\n\n<p class=\"has-black-color has-text-color\">11.08 (pi\u0105tek)<br>8.15-9 \u015bniadanie<br>9-10- zaj\u0119cia korekcyjne<br>10-11.30 zawody sportowe oraz konkursy przygotowane przez dzieci<br>dla opiekun\u00f3w<br>11.30-12 II \u015bniadanie<br>12-14 \u201eMam talent\u201d \u2013dzieci przedstawiaj\u0105 swoje najciekawsze<br>pomys\u0142y<br>14-14.45 obiad<br>14.45-15 zaj\u0119cia sensomotoryczne Fakturowy tor sensoryczny<\/p>\n\n\n\n<p class=\"has-black-color has-text-color\"><\/p>\n\n\n\n<a href=\"https:\/\/13debow.pl\/wp-content\/uploads\/2023\/06\/PolkoloniePDF-2.pdf\" download>Pobierz plik PDF <\/a>\n\n\n\n<p class=\"has-black-color has-text-color\"><\/p>\n","protected":false},"excerpt":{"rendered":"<p>Pobierz plik PDF SIERPIE\u0143 2023 I Tydzie\u0144 &#8211; od godz. 8:00 do 16:00 31.07 (poniedzia\u0142ek) 8.15-9 godz. \u015bniadanie9-10 godz. zabawa plac zabaw boisko10- 11 godz. [&hellip;]<\/p>\n","protected":false},"author":1,"featured_media":0,"parent":0,"menu_order":0,"comment_status":"closed","ping_status":"closed","template":"","meta":{"footnotes":""},"class_list":["post-1651","page","type-page","status-publish","hentry"],"aioseo_notices":[],"_links":{"self":[{"href":"https:\/\/13debow.pl\/index.php?rest_route=\/wp\/v2\/pages\/1651","targetHints":{"allow":["GET"]}}],"collection":[{"href":"https:\/\/13debow.pl\/index.php?rest_route=\/wp\/v2\/pages"}],"about":[{"href":"https:\/\/13debow.pl\/index.php?rest_route=\/wp\/v2\/types\/page"}],"author":[{"embeddable":true,"href":"https:\/\/13debow.pl\/index.php?rest_route=\/wp\/v2\/users\/1"}],"replies":[{"embeddable":true,"href":"https:\/\/13debow.pl\/index.php?rest_route=%2Fwp%2Fv2%2Fcomments&post=1651"}],"version-history":[{"count":6,"href":"https:\/\/13debow.pl\/index.php?rest_route=\/wp\/v2\/pages\/1651\/revisions"}],"predecessor-version":[{"id":1663,"href":"https:\/\/13debow.pl\/index.php?rest_route=\/wp\/v2\/pages\/1651\/revisions\/1663"}],"wp:attachment":[{"href":"https:\/\/13debow.pl\/index.php?rest_route=%2Fwp%2Fv2%2Fmedia&parent=1651"}],"curies":[{"name":"wp","href":"https:\/\/api.w.org\/{rel}","templated":true}]}}