{"id":183,"date":"2018-04-30T18:49:32","date_gmt":"2018-04-30T16:49:32","guid":{"rendered":"http:\/\/13debow.pl\/?page_id=183"},"modified":"2023-05-11T20:09:43","modified_gmt":"2023-05-11T18:09:43","slug":"plac-zabaw","status":"publish","type":"page","link":"https:\/\/13debow.pl\/?page_id=183","title":{"rendered":"Plac zabaw"},"content":{"rendered":"\n<p class=\"has-black-color has-text-color\">Swobodna, beztroska zabawa na \u015bwie\u017cym powietrzu jest niezb\u0119dna dla rozwoju dziecka.&nbsp;<\/p>\n\n\n\n<p class=\"has-black-color has-text-color\">Zabawy ruchowe wp\u0142ywaj\u0105 na prawid\u0142ow\u0105 koordynacj\u0119 ruch\u00f3w oraz wzmacniaj\u0105 uk\u0142ad mi\u0119\u015bniowy. <\/p>\n\n\n\n<p class=\"has-black-color has-text-color\">Plac zabaw dzia\u0142a r\u00f3wnie\u017c na wyobra\u017ani\u0119 dzieci, uczy ich zasad rz\u0105dz\u0105cych \u015bwiatem!<\/p>\n","protected":false},"excerpt":{"rendered":"<p>Swobodna, beztroska zabawa na \u015bwie\u017cym powietrzu jest niezb\u0119dna dla rozwoju dziecka.&nbsp; Zabawy ruchowe wp\u0142ywaj\u0105 na prawid\u0142ow\u0105 koordynacj\u0119 ruch\u00f3w oraz wzmacniaj\u0105 uk\u0142ad mi\u0119\u015bniowy. Plac zabaw dzia\u0142a [&hellip;]<\/p>\n","protected":false},"author":1,"featured_media":514,"parent":0,"menu_order":0,"comment_status":"closed","ping_status":"closed","template":"","meta":{"footnotes":""},"class_list":["post-183","page","type-page","status-publish","has-post-thumbnail","hentry"],"aioseo_notices":[],"_links":{"self":[{"href":"https:\/\/13debow.pl\/index.php?rest_route=\/wp\/v2\/pages\/183","targetHints":{"allow":["GET"]}}],"collection":[{"href":"https:\/\/13debow.pl\/index.php?rest_route=\/wp\/v2\/pages"}],"about":[{"href":"https:\/\/13debow.pl\/index.php?rest_route=\/wp\/v2\/types\/page"}],"author":[{"embeddable":true,"href":"https:\/\/13debow.pl\/index.php?rest_route=\/wp\/v2\/users\/1"}],"replies":[{"embeddable":true,"href":"https:\/\/13debow.pl\/index.php?rest_route=%2Fwp%2Fv2%2Fcomments&post=183"}],"version-history":[{"count":5,"href":"https:\/\/13debow.pl\/index.php?rest_route=\/wp\/v2\/pages\/183\/revisions"}],"predecessor-version":[{"id":1602,"href":"https:\/\/13debow.pl\/index.php?rest_route=\/wp\/v2\/pages\/183\/revisions\/1602"}],"wp:featuredmedia":[{"embeddable":true,"href":"https:\/\/13debow.pl\/index.php?rest_route=\/wp\/v2\/media\/514"}],"wp:attachment":[{"href":"https:\/\/13debow.pl\/index.php?rest_route=%2Fwp%2Fv2%2Fmedia&parent=183"}],"curies":[{"name":"wp","href":"https:\/\/api.w.org\/{rel}","templated":true}]}}