{"id":224,"date":"2018-04-30T21:40:26","date_gmt":"2018-04-30T19:40:26","guid":{"rendered":"http:\/\/13debow.pl\/?page_id=224"},"modified":"2023-05-08T12:51:25","modified_gmt":"2023-05-08T10:51:25","slug":"angebot","status":"publish","type":"page","link":"https:\/\/13debow.pl\/?page_id=224&lang=de","title":{"rendered":"Angebot"},"content":{"rendered":"<p>Wir richten uns an <strong>Einzelpersonen, Familien, Vorschulen, Schulen, Jugendgruppen, Senioren, Arbeitsst\u00e4tten<\/strong> und <strong>Firmen<\/strong>.<\/p>\n<p><strong>Wir bieten<\/strong>:<\/p>\n<p>Vorschul- und Schultreffen &#8211; (Picknicks, besondere Veranstaltungen, die den Jahreszeiten angepasst sind, zB Samstagmorgen, Kindertag, R\u00f6stkartoffeln, Pferdeschlittenfahrten, Fr\u00fchlings- und Herbstworkshops)<br \/>\nmehrt\u00e4giger Aufenthalt (Urlaub)<br \/>\nFamilienurlaub (Geburtstag, Namenstag &#8230; Familienfeiern (Erstkommunion, Hochzeiten im Freien &#8230;)<br \/>\nt\u00e4gliche Ruhe unter Freunden und Bekannten;<br \/>\nbesondere Ereignisse, Firma, Familie, Schule &#8230;<br \/>\nindividuelle Erholung, allein mit der Natur;<br \/>\nFischen mit der M\u00f6glichkeit, gefangenen Fisch zu kaufen;<br \/>\nGrillen, Lagerfeuer;<br \/>\nWanderungen, Fahrradtouren,<br \/>\nOutdoor-Sport-Spiele und Aktivit\u00e4ten (Spielplatz, Spielplatz &#8211; Schaukeln, Rutschen, Trampoline, Kletterw\u00e4nde und Seile, Sandk\u00e4sten)<\/p>\n<p>Unser Angebot beinhaltet auch: die M\u00f6glichkeit der Unterkunft &#8211;<\/p>\n<p>Campingplatz<br \/>\nG\u00e4stezimmer<br \/>\ndie M\u00f6glichkeit, Freizeit- und Sportger\u00e4te (Fahrr\u00e4der, Wanderst\u00f6cke, Boot, B\u00e4lle und andere) zu mieten.<\/p>\n<p>G\u00e4ste, die sich bei uns ausruhen, k\u00f6nnen die Geschenke unseres Obstgartens (Obst) nutzen oder sie selbst\u00e4ndig f\u00fcr den Hausgebrauch vorbereiten.<\/p>\n<p>Alles in Ruhe, weg von der Stadt und dem Tumult der H\u00e4user<\/p>\n","protected":false},"excerpt":{"rendered":"<p>Wir richten uns an Einzelpersonen, Familien, Vorschulen, Schulen, Jugendgruppen, Senioren, Arbeitsst\u00e4tten und Firmen. Wir bieten: Vorschul- und Schultreffen &#8211; (Picknicks, besondere Veranstaltungen, die den Jahreszeiten [&hellip;]<\/p>\n","protected":false},"author":1,"featured_media":703,"parent":0,"menu_order":0,"comment_status":"closed","ping_status":"closed","template":"","meta":{"footnotes":""},"class_list":["post-224","page","type-page","status-publish","has-post-thumbnail","hentry"],"aioseo_notices":[],"_links":{"self":[{"href":"https:\/\/13debow.pl\/index.php?rest_route=\/wp\/v2\/pages\/224","targetHints":{"allow":["GET"]}}],"collection":[{"href":"https:\/\/13debow.pl\/index.php?rest_route=\/wp\/v2\/pages"}],"about":[{"href":"https:\/\/13debow.pl\/index.php?rest_route=\/wp\/v2\/types\/page"}],"author":[{"embeddable":true,"href":"https:\/\/13debow.pl\/index.php?rest_route=\/wp\/v2\/users\/1"}],"replies":[{"embeddable":true,"href":"https:\/\/13debow.pl\/index.php?rest_route=%2Fwp%2Fv2%2Fcomments&post=224"}],"version-history":[{"count":3,"href":"https:\/\/13debow.pl\/index.php?rest_route=\/wp\/v2\/pages\/224\/revisions"}],"predecessor-version":[{"id":229,"href":"https:\/\/13debow.pl\/index.php?rest_route=\/wp\/v2\/pages\/224\/revisions\/229"}],"wp:featuredmedia":[{"embeddable":true,"href":"https:\/\/13debow.pl\/index.php?rest_route=\/wp\/v2\/media\/703"}],"wp:attachment":[{"href":"https:\/\/13debow.pl\/index.php?rest_route=%2Fwp%2Fv2%2Fmedia&parent=224"}],"curies":[{"name":"wp","href":"https:\/\/api.w.org\/{rel}","templated":true}]}}