{"id":232,"date":"2018-04-30T23:05:41","date_gmt":"2018-04-30T21:05:41","guid":{"rendered":"http:\/\/13debow.pl\/?page_id=232"},"modified":"2024-04-18T12:03:11","modified_gmt":"2024-04-18T10:03:11","slug":"preisliste","status":"publish","type":"page","link":"https:\/\/13debow.pl\/?page_id=232&lang=de","title":{"rendered":"Preisliste"},"content":{"rendered":"\n<figure class=\"wp-block-table\"><table class=\"has-black-color has-white-background-color has-text-color has-background\"><tbody><tr><td>1.<\/td><td>Eintritt von einer PersonKinder &#8211; bis zwei Jahre zahlen nicht<\/td><td>T\u00e4glicher Aufenthalt-Person<br>mit Lagerfeuer oder Grill (bis zu f\u00fcnf Stunden pro N\u00e4chsten beginnen bei 4 PLN\/Person)<\/td><td class=\"has-text-align-center\" data-align=\"center\">ab 24 PLN<\/td><\/tr><tr><td>2.<\/td><td>Holz f\u00fcr Lagerfeuer frei, Kohle oder Brikett f\u00fcr sic<\/td><td>&nbsp;<\/td><td class=\"has-text-align-center\" data-align=\"center\">&nbsp;<\/td><\/tr><tr><td>3.<\/td><td>Schul- und Vorschulgruppen<br>Betreuer freien Eintritt<\/td><td>T\u00e4glicher Aufenthalt &#8211; Person<\/td><td class=\"has-text-align-center\" data-align=\"center\">24 PLN<\/td><\/tr><tr><td>4.<\/td><td>Open-Air-Veranstaltungen: Firmenveranstaltungen, Familienfeiern, Integrationstreffen und andere<\/td><td>Aufgrund des individuellen Charakters jedes Events werden Preise ausgehandelt<\/td><td class=\"has-text-align-center\" data-align=\"center\">&nbsp;<\/td><\/tr><tr><td>5.<\/td><td>Unterkunft<\/td><td><p>GastG\u00e4stezimmer (abh\u00e4ngig von der Anzahl der Tage &#8211; Preise verhandelt<\/p><\/td><td class=\"has-text-align-center\" data-align=\"center\">50-80 PLN <\/td><\/tr><tr><td>6.<\/td><td>Unterkunft<\/td><td>Campingplatz &#8211; Person <p>&nbsp;Wohnwagen (ausgehandelte Preise)<\/p> <\/td><td class=\"has-text-align-center\" data-align=\"center\">20 PLN <p>&nbsp;<span style=\"font-family: inherit; font-size: inherit; font-weight: inherit; color: initial;\"> <\/span>ab 80 PLN<\/p> <\/td><\/tr><tr><td>7.<\/td><td>Vermietung von Freizeit- und Sportger\u00e4ten<\/td><td>Fahrr\u00e4der, Wanderst\u00f6cke, andere<\/td><td class=\"has-text-align-center\" data-align=\"center\"> &nbsp;50 PLN\/<span style=\"background-color: rgba(0, 0, 0, 0.2); font-size: revert; font-family: inherit; font-weight: inherit;\"><mark style=\"background-color:#ffffff\" class=\"has-inline-color\">Stunde<\/mark><\/span><span style=\"font-size: inherit; font-family: inherit; font-weight: inherit; color: initial;\"> <\/span><\/td><\/tr><tr><td>8.<\/td><td>Angeln<\/td><td>der Preis f\u00fcr eine Stange<\/td><td class=\"has-text-align-center\" data-align=\"center\">&nbsp;20 PLN<\/td><\/tr><\/tbody><\/table><\/figure>\n","protected":false},"excerpt":{"rendered":"<p>1. Eintritt von einer PersonKinder &#8211; bis zwei Jahre zahlen nicht T\u00e4glicher Aufenthalt-Personmit Lagerfeuer oder Grill (bis zu f\u00fcnf Stunden pro N\u00e4chsten beginnen bei 4 [&hellip;]<\/p>\n","protected":false},"author":1,"featured_media":529,"parent":0,"menu_order":0,"comment_status":"closed","ping_status":"closed","template":"","meta":{"footnotes":""},"class_list":["post-232","page","type-page","status-publish","has-post-thumbnail","hentry"],"aioseo_notices":[],"_links":{"self":[{"href":"https:\/\/13debow.pl\/index.php?rest_route=\/wp\/v2\/pages\/232","targetHints":{"allow":["GET"]}}],"collection":[{"href":"https:\/\/13debow.pl\/index.php?rest_route=\/wp\/v2\/pages"}],"about":[{"href":"https:\/\/13debow.pl\/index.php?rest_route=\/wp\/v2\/types\/page"}],"author":[{"embeddable":true,"href":"https:\/\/13debow.pl\/index.php?rest_route=\/wp\/v2\/users\/1"}],"replies":[{"embeddable":true,"href":"https:\/\/13debow.pl\/index.php?rest_route=%2Fwp%2Fv2%2Fcomments&post=232"}],"version-history":[{"count":20,"href":"https:\/\/13debow.pl\/index.php?rest_route=\/wp\/v2\/pages\/232\/revisions"}],"predecessor-version":[{"id":1836,"href":"https:\/\/13debow.pl\/index.php?rest_route=\/wp\/v2\/pages\/232\/revisions\/1836"}],"wp:featuredmedia":[{"embeddable":true,"href":"https:\/\/13debow.pl\/index.php?rest_route=\/wp\/v2\/media\/529"}],"wp:attachment":[{"href":"https:\/\/13debow.pl\/index.php?rest_route=%2Fwp%2Fv2%2Fmedia&parent=232"}],"curies":[{"name":"wp","href":"https:\/\/api.w.org\/{rel}","templated":true}]}}