{"id":234,"date":"2018-04-30T23:11:00","date_gmt":"2018-04-30T21:11:00","guid":{"rendered":"http:\/\/13debow.pl\/?page_id=234"},"modified":"2023-05-11T18:02:12","modified_gmt":"2023-05-11T16:02:12","slug":"adresse","status":"publish","type":"page","link":"https:\/\/13debow.pl\/?page_id=234&lang=de","title":{"rendered":"Adresse"},"content":{"rendered":"\n<div class=\"wp-block-columns is-layout-flex wp-container-core-columns-is-layout-1 wp-block-columns-is-layout-flex\">\n<div class=\"wp-block-column is-layout-flow wp-block-column-is-layout-flow\">\n<p class=\"has-black-color has-text-color\"><strong>Erholung und Entspannungin Dreizehn Eichen<\/strong><br>El\u017cbieta Szewczyk-Poczwardowska<br>Ko\u0142baskowo 1a, 72-001 Ko\u0142baskowo<br>Gm. Ko\u0142baskowo, pow. Police, woj. Zachodniopomorskie<br>Telefon: (91) 433-76-28<br>kom. 512-757-898\u00a0 \u00a0e-mail: <a href=\"mailto:eszewpo@op.pl\">eszewpo@op.pl<\/a><\/p>\n\n\n\n<ul class=\"wp-block-social-links is-layout-flex wp-block-social-links-is-layout-flex\"><li class=\"wp-social-link wp-social-link-facebook  wp-block-social-link\"><a href=\"https:\/\/www.facebook.com\/13debow.agroturystyka\" class=\"wp-block-social-link-anchor\"><svg width=\"24\" height=\"24\" viewBox=\"0 0 24 24\" version=\"1.1\" xmlns=\"http:\/\/www.w3.org\/2000\/svg\" aria-hidden=\"true\" focusable=\"false\"><path d=\"M12 2C6.5 2 2 6.5 2 12c0 5 3.7 9.1 8.4 9.9v-7H7.9V12h2.5V9.8c0-2.5 1.5-3.9 3.8-3.9 1.1 0 2.2.2 2.2.2v2.5h-1.3c-1.2 0-1.6.8-1.6 1.6V12h2.8l-.4 2.9h-2.3v7C18.3 21.1 22 17 22 12c0-5.5-4.5-10-10-10z\"><\/path><\/svg><span class=\"wp-block-social-link-label screen-reader-text\">Facebook<\/span><\/a><\/li><\/ul>\n<\/div>\n\n\n\n<div class=\"wp-block-column is-layout-flow wp-block-column-is-layout-flow\">\n<iframe src=\"https:\/\/www.google.com\/maps\/embed?pb=!1m18!1m12!1m3!1d5800.93016839208!2d14.443115992760603!3d53.346489664662265!2m3!1f0!2f0!3f0!3m2!1i1024!2i768!4f13.1!3m3!1m2!1s0x47aa05c5b5ee1a63%3A0xe859cd43cb18aa78!2sRekreacja%20i%20Wypoczynek%20w%20Trzynastu%20D%C4%99bach!5e0!3m2!1spl!2spl!4v1683820641803!5m2!1spl!2spl\" width=\"100%\" height=\"320px\" style=\"border:0;\" allowfullscreen=\"\" loading=\"lazy\" referrerpolicy=\"no-referrer-when-downgrade\"><\/iframe>\n<\/div>\n<\/div>\n","protected":false},"excerpt":{"rendered":"<p>Erholung und Entspannungin Dreizehn EichenEl\u017cbieta Szewczyk-PoczwardowskaKo\u0142baskowo 1a, 72-001 Ko\u0142baskowoGm. Ko\u0142baskowo, pow. Police, woj. ZachodniopomorskieTelefon: (91) 433-76-28kom. 512-757-898\u00a0 \u00a0e-mail: eszewpo@op.pl<\/p>\n","protected":false},"author":1,"featured_media":549,"parent":0,"menu_order":0,"comment_status":"closed","ping_status":"closed","template":"","meta":{"footnotes":""},"class_list":["post-234","page","type-page","status-publish","has-post-thumbnail","hentry"],"aioseo_notices":[],"_links":{"self":[{"href":"https:\/\/13debow.pl\/index.php?rest_route=\/wp\/v2\/pages\/234","targetHints":{"allow":["GET"]}}],"collection":[{"href":"https:\/\/13debow.pl\/index.php?rest_route=\/wp\/v2\/pages"}],"about":[{"href":"https:\/\/13debow.pl\/index.php?rest_route=\/wp\/v2\/types\/page"}],"author":[{"embeddable":true,"href":"https:\/\/13debow.pl\/index.php?rest_route=\/wp\/v2\/users\/1"}],"replies":[{"embeddable":true,"href":"https:\/\/13debow.pl\/index.php?rest_route=%2Fwp%2Fv2%2Fcomments&post=234"}],"version-history":[{"count":15,"href":"https:\/\/13debow.pl\/index.php?rest_route=\/wp\/v2\/pages\/234\/revisions"}],"predecessor-version":[{"id":1563,"href":"https:\/\/13debow.pl\/index.php?rest_route=\/wp\/v2\/pages\/234\/revisions\/1563"}],"wp:featuredmedia":[{"embeddable":true,"href":"https:\/\/13debow.pl\/index.php?rest_route=\/wp\/v2\/media\/549"}],"wp:attachment":[{"href":"https:\/\/13debow.pl\/index.php?rest_route=%2Fwp%2Fv2%2Fmedia&parent=234"}],"curies":[{"name":"wp","href":"https:\/\/api.w.org\/{rel}","templated":true}]}}