{"id":484,"date":"2023-04-28T14:18:54","date_gmt":"2023-04-28T12:18:54","guid":{"rendered":"https:\/\/13debow.pl\/?page_id=484"},"modified":"2023-05-11T20:09:18","modified_gmt":"2023-05-11T18:09:18","slug":"spielplatz","status":"publish","type":"page","link":"https:\/\/13debow.pl\/?page_id=484&lang=de","title":{"rendered":"Spielplatz"},"content":{"rendered":"\n<p class=\"has-black-color has-text-color\">Freies, unbeschwertes Spielen im Freien ist f\u00fcr die kindliche Entwicklung unerl\u00e4sslich. <\/p>\n\n\n\n<p class=\"has-black-color has-text-color\">Bewegungsspiele beeinflussen die richtige Bewegungskoordination und st\u00e4rken die Muskulatur. <\/p>\n\n\n\n<p class=\"has-black-color has-text-color\">Der Spielplatz regt auch die Fantasie der Kinder an, bringt ihnen die Regeln bei, die die Welt regieren!<\/p>\n","protected":false},"excerpt":{"rendered":"<p>Freies, unbeschwertes Spielen im Freien ist f\u00fcr die kindliche Entwicklung unerl\u00e4sslich. Bewegungsspiele beeinflussen die richtige Bewegungskoordination und st\u00e4rken die Muskulatur. Der Spielplatz regt auch die [&hellip;]<\/p>\n","protected":false},"author":1,"featured_media":517,"parent":0,"menu_order":0,"comment_status":"closed","ping_status":"closed","template":"","meta":{"footnotes":""},"class_list":["post-484","page","type-page","status-publish","has-post-thumbnail","hentry"],"aioseo_notices":[],"_links":{"self":[{"href":"https:\/\/13debow.pl\/index.php?rest_route=\/wp\/v2\/pages\/484","targetHints":{"allow":["GET"]}}],"collection":[{"href":"https:\/\/13debow.pl\/index.php?rest_route=\/wp\/v2\/pages"}],"about":[{"href":"https:\/\/13debow.pl\/index.php?rest_route=\/wp\/v2\/types\/page"}],"author":[{"embeddable":true,"href":"https:\/\/13debow.pl\/index.php?rest_route=\/wp\/v2\/users\/1"}],"replies":[{"embeddable":true,"href":"https:\/\/13debow.pl\/index.php?rest_route=%2Fwp%2Fv2%2Fcomments&post=484"}],"version-history":[{"count":3,"href":"https:\/\/13debow.pl\/index.php?rest_route=\/wp\/v2\/pages\/484\/revisions"}],"predecessor-version":[{"id":1601,"href":"https:\/\/13debow.pl\/index.php?rest_route=\/wp\/v2\/pages\/484\/revisions\/1601"}],"wp:featuredmedia":[{"embeddable":true,"href":"https:\/\/13debow.pl\/index.php?rest_route=\/wp\/v2\/media\/517"}],"wp:attachment":[{"href":"https:\/\/13debow.pl\/index.php?rest_route=%2Fwp%2Fv2%2Fmedia&parent=484"}],"curies":[{"name":"wp","href":"https:\/\/api.w.org\/{rel}","templated":true}]}}