{"id":73,"date":"2018-04-28T22:11:59","date_gmt":"2018-04-28T20:11:59","guid":{"rendered":"http:\/\/13debow.pl\/?page_id=73"},"modified":"2023-05-11T12:45:30","modified_gmt":"2023-05-11T10:45:30","slug":"oferta","status":"publish","type":"page","link":"https:\/\/13debow.pl\/?page_id=73","title":{"rendered":"Oferta"},"content":{"rendered":"<p>Nasz\u0105 ofert\u0119 kierujemy do os\u00f3b\u00a0<strong>indywidualnych, rodzin, grup przedszkolnych, szkolnych, m\u0142odzie\u017cowych, senior\u00f3w, zak\u0142ad\u00f3w pracy, firm.<\/strong><\/p>\n<p><strong>Proponujemy:<\/strong><\/p>\n<ul>\n<li>spotkania przedszkolne, szkolne- (pikniki, imprezy okoliczno\u015bciowe dostosowane do poszczeg\u00f3lnych p\u00f3r roku np.: ognisko sob\u00f3tkowe, dzie\u0144 dziecka, \u015bwi\u0119to pieczonego ziemniaka, kuligi, warsztaty wiosenne, jesienne)<\/li>\n<li>pobyt wielodniowy (wypoczynkowy)<\/li>\n<li>dzienny wypoczynek rodzinny, urodziny, imieniny, uroczysto\u015bci rodzinne (komunijne, \u015bluby w plenerze)<\/li>\n<li>dzienny wypoczynek w gronie przyjaci\u00f3\u0142, znajomych<\/li>\n<li>imprezy okoliczno\u015bciowe, firmowe,\u00a0 rodzinne, szkolne<\/li>\n<li>wypoczynek indywidualny, sam na sam z przyrod\u0105<\/li>\n<li>w\u0119dkowanie z mo\u017cliwo\u015bci\u0105 zakupu z\u0142owionych ryb<\/li>\n<li>grillowanie, ognisko<\/li>\n<li>spacery, wycieczki rowerowe<\/li>\n<li>gry i zabawy sportowe na \u015bwie\u017cym powietrzu (boisko, plac zabaw: hu\u015btawki, zje\u017cd\u017calnie, trampoliny, \u015bciany i liny wspinaczkowe, piaskownice)<\/li>\n<\/ul>\n<p><strong>Oferta nasza\u00a0<\/strong>obejmuje r\u00f3wnie\u017c mo\u017cliwo\u015b\u0107 noclegu:<\/p>\n<ul>\n<li>pole namiotowe<\/li>\n<li>pokoje go\u015bcinne<\/li>\n<\/ul>\n<p>mo\u017cliwo\u015b\u0107\u00a0 wypo\u017cyczenia sprz\u0119tu rekreacyjno-sportowego (rowery, kijki do chodzenia, \u0142\u00f3dka, pi\u0142ki i inne).<\/p>\n<p>Go\u015bcie odpoczywaj\u0105cy u nas mog\u0105 skorzysta\u0107 z dar\u00f3w naszego sadu owoc\u00f3w, b\u0105d\u017a samodzielnie sporz\u0105dzi\u0107 z nich przetwory do domowych spi\u017carni.<\/p>\n<p>Wszystko w zaciszu, z dala od miejskiego i osiedlowego zgie\u0142ku.<\/p>\n","protected":false},"excerpt":{"rendered":"<p>Nasz\u0105 ofert\u0119 kierujemy do os\u00f3b\u00a0indywidualnych, rodzin, grup przedszkolnych, szkolnych, m\u0142odzie\u017cowych, senior\u00f3w, zak\u0142ad\u00f3w pracy, firm. Proponujemy: spotkania przedszkolne, szkolne- (pikniki, imprezy okoliczno\u015bciowe dostosowane do poszczeg\u00f3lnych p\u00f3r [&hellip;]<\/p>\n","protected":false},"author":1,"featured_media":698,"parent":0,"menu_order":0,"comment_status":"closed","ping_status":"closed","template":"","meta":{"footnotes":""},"class_list":["post-73","page","type-page","status-publish","has-post-thumbnail","hentry"],"aioseo_notices":[],"_links":{"self":[{"href":"https:\/\/13debow.pl\/index.php?rest_route=\/wp\/v2\/pages\/73","targetHints":{"allow":["GET"]}}],"collection":[{"href":"https:\/\/13debow.pl\/index.php?rest_route=\/wp\/v2\/pages"}],"about":[{"href":"https:\/\/13debow.pl\/index.php?rest_route=\/wp\/v2\/types\/page"}],"author":[{"embeddable":true,"href":"https:\/\/13debow.pl\/index.php?rest_route=\/wp\/v2\/users\/1"}],"replies":[{"embeddable":true,"href":"https:\/\/13debow.pl\/index.php?rest_route=%2Fwp%2Fv2%2Fcomments&post=73"}],"version-history":[{"count":5,"href":"https:\/\/13debow.pl\/index.php?rest_route=\/wp\/v2\/pages\/73\/revisions"}],"predecessor-version":[{"id":1083,"href":"https:\/\/13debow.pl\/index.php?rest_route=\/wp\/v2\/pages\/73\/revisions\/1083"}],"wp:featuredmedia":[{"embeddable":true,"href":"https:\/\/13debow.pl\/index.php?rest_route=\/wp\/v2\/media\/698"}],"wp:attachment":[{"href":"https:\/\/13debow.pl\/index.php?rest_route=%2Fwp%2Fv2%2Fmedia&parent=73"}],"curies":[{"name":"wp","href":"https:\/\/api.w.org\/{rel}","templated":true}]}}